{"id":2329,"date":"2020-11-21T19:20:53","date_gmt":"2020-11-21T19:20:53","guid":{"rendered":"http:\/\/corporate.c21canada.moxiworks.net\/free-home-valuation"},"modified":"2021-04-14T22:53:46","modified_gmt":"2021-04-15T02:53:46","slug":"free-home-valuation","status":"publish","type":"page","link":"https:\/\/www.c21.ca\/fr-ca\/free-home-valuation","title":{"rendered":"\u00c9VALUATION GRATUITE"},"content":{"rendered":"\n<h1>\n\t\t\u00c9VALUATION GRATUITE\n\t<\/h1>\n<h2>\n\t\tD\u00c9COUVREZ LA VALEUR DE VOTRE PROPRI\u00c9T\u00c9.\n\t<\/h2>\n\t<p>Informez-vous sur le march\u00e9 immobilier local. Que vous songiez \u00e0 d\u00e9m\u00e9nager ou souhaitiez simplement vous tenir au courant des tendances immobili\u00e8res dans votre secteur, c&#8217;est toujours une bonne id\u00e9e de faire \u00e9valuer votre propri\u00e9t\u00e9. Cet outil gratuit permet d&#8217;estimer la valeur marchande de votre propri\u00e9t\u00e9.<\/p>\n\n","protected":false},"excerpt":{"rendered":"<p>\u00c9VALUATION GRATUITE D\u00c9COUVREZ LA VALEUR DE VOTRE PROPRI\u00c9T\u00c9. Informez-vous sur le march\u00e9 immobilier local. Que vous songiez \u00e0 d\u00e9m\u00e9nager ou souhaitiez simplement vous tenir au courant des tendances immobili\u00e8res dans votre secteur, c&#8217;est toujours une bonne id\u00e9e de faire \u00e9valuer votre propri\u00e9t\u00e9. Cet outil gratuit permet d&#8217;estimer la valeur marchande de votre propri\u00e9t\u00e9.<\/p>\n","protected":false},"author":77,"featured_media":0,"parent":0,"menu_order":0,"comment_status":"closed","ping_status":"closed","template":"","meta":{"footnotes":""},"class_list":["post-2329","page","type-page","status-publish","hentry"],"_links":{"self":[{"href":"https:\/\/www.c21.ca\/fr-ca\/wp-json\/wp\/v2\/pages\/2329","targetHints":{"allow":["GET"]}}],"collection":[{"href":"https:\/\/www.c21.ca\/fr-ca\/wp-json\/wp\/v2\/pages"}],"about":[{"href":"https:\/\/www.c21.ca\/fr-ca\/wp-json\/wp\/v2\/types\/page"}],"author":[{"embeddable":true,"href":"https:\/\/www.c21.ca\/fr-ca\/wp-json\/wp\/v2\/users\/77"}],"replies":[{"embeddable":true,"href":"https:\/\/www.c21.ca\/fr-ca\/wp-json\/wp\/v2\/comments?post=2329"}],"version-history":[{"count":3,"href":"https:\/\/www.c21.ca\/fr-ca\/wp-json\/wp\/v2\/pages\/2329\/revisions"}],"predecessor-version":[{"id":2376,"href":"https:\/\/www.c21.ca\/fr-ca\/wp-json\/wp\/v2\/pages\/2329\/revisions\/2376"}],"wp:attachment":[{"href":"https:\/\/www.c21.ca\/fr-ca\/wp-json\/wp\/v2\/media?parent=2329"}],"curies":[{"name":"wp","href":"https:\/\/api.w.org\/{rel}","templated":true}]}}