{"id":121,"date":"2021-01-15T18:36:37","date_gmt":"2021-01-15T18:36:37","guid":{"rendered":"http:\/\/corporate.c21canada.moxiworks.net\/our-partners"},"modified":"2023-04-26T16:06:57","modified_gmt":"2023-04-26T20:06:57","slug":"our-partners","status":"publish","type":"page","link":"https:\/\/www.c21.ca\/fr-ca\/our-partners","title":{"rendered":"NOS PARTENAIRES"},"content":{"rendered":"\n<h1>\n\t\tNOS PARTENAIRES\n\t<\/h1>\n\t<p>CENTURY 21 Canada fait appel \u00e0 l&#8217;expertise de ses partenaires technologiques et commerciaux pour vous offrir des promotions sp\u00e9ciales et des services d&#8217;entreprises locales, nationales et mondiales r\u00e9put\u00e9es. Votre courtier immobilier peut vous fournir plus d&#8217;information sur les partenaires de C21 et vous pr\u00e9senter son programme de services con\u00e7u pour r\u00e9pondre \u00e0 tous vos besoins.<\/p>\n\t\t\t\t<a href=\"https:\/\/www.1800gotjunk.com\/ca_en\/Century21CA\" target=\"_blank\" rel=\"noopener\" itemprop=\"url\">\n\t\t\t\t<img decoding=\"async\" src=\"https:\/\/www.c21.ca\/files\/2021\/03\/GJ_Logo_Color_FR_Large-300x60.png\" alt=\"GJ_Logo_Color_FR_Large\" itemprop=\"image\" height=\"60\" width=\"300\" title=\"GJ_Logo_Color_FR_Large\" onerror=\"this.style.display='none'\"  \/>\n\t\t\t\t<\/a>\n\t\t\t\t<a href=\"https:\/\/www.choicehotels.com\/\" target=\"_blank\" rel=\"noopener\" itemprop=\"url\">\n\t\t\t\t<img decoding=\"async\" src=\"https:\/\/www.c21.ca\/files\/2022\/10\/RVC_Redesigned_Logo_Color.png\" alt=\"RVC_Redesigned_Logo_Color\" itemprop=\"image\" height=\"562\" width=\"998\" title=\"RVC_Redesigned_Logo_Color\" onerror=\"this.style.display='none'\"  \/>\n\t\t\t\t<\/a>\n\t\t\t\t<a href=\"https:\/\/www.nationalcar.com\/en\/home.html\" target=\"_blank\" rel=\"noopener\" itemprop=\"url\">\n\t\t\t\t<img decoding=\"async\" src=\"\/\/www.c21.ca\/files\/2021\/03\/NATIONAL-01-300x100.png\" alt=\"NATIONAL-01\" itemprop=\"image\" title=\"NATIONAL-01\" onerror=\"this.style.display='none'\"  \/>\n\t\t\t\t<\/a>\n\t\t\t\t<a href=\"https:\/\/www.bmw.ca\/en\/home.html\" target=\"_blank\" rel=\"noopener\" itemprop=\"url\">\n\t\t\t\t<img decoding=\"async\" src=\"\/\/www.c21.ca\/files\/2021\/02\/bmw.png\" alt=\"bmw\" itemprop=\"image\" title=\"bmw\" onerror=\"this.style.display='none'\"  \/>\n\t\t\t\t<\/a>\n\t\t\t\t<a href=\"https:\/\/www.dulux.ca\/diy\/home\" target=\"_blank\" rel=\"noopener\" itemprop=\"url\">\n\t\t\t\t<img decoding=\"async\" src=\"\/\/www.c21.ca\/files\/2021\/03\/duluxpaints-blue-2014.jpg\" alt=\"Dulux Paints\" itemprop=\"image\" title=\"Print\" onerror=\"this.style.display='none'\"  \/>\n\t\t\t\t<\/a>\n\t\t\t\t<a href=\"https:\/\/www.pods.com\/partners\/century21canada\" target=\"_self\" itemprop=\"url\" rel=\"noopener\">\n\t\t\t\t<img decoding=\"async\" src=\"\/\/www.c21.ca\/files\/2021\/02\/pods.png\" alt=\"pods\" itemprop=\"image\" title=\"pods\" onerror=\"this.style.display='none'\"  \/>\n\t\t\t\t<\/a>\n\t\t\t\t<a href=\"https:\/\/www.budget.com\/en\/home\" target=\"_blank\" rel=\"noopener\" itemprop=\"url\">\n\t\t\t\t<img decoding=\"async\" src=\"\/\/www.c21.ca\/files\/2021\/02\/budget.png\" alt=\"budget\" itemprop=\"image\" title=\"budget\" onerror=\"this.style.display='none'\"  \/>\n\t\t\t\t<\/a>\n\t\t\t\t<a href=\"https:\/\/www.airmilesincentives.ca\/\" target=\"_blank\" rel=\"noopener\" itemprop=\"url\">\n\t\t\t\t<img decoding=\"async\" src=\"https:\/\/www.c21.ca\/files\/2022\/03\/ABCHI.jpg\" alt=\"A Buyer's Choice Home Inspections\" itemprop=\"image\" height=\"302\" width=\"766\" title=\"ABCHI\" onerror=\"this.style.display='none'\"  \/>\n\t\t\t\t<\/a>\n\t\t\t\t<a href=\"https:\/\/www.thebrick.com\/\" target=\"_blank\" rel=\"noopener\" itemprop=\"url\">\n\t\t\t\t<img decoding=\"async\" src=\"\/\/www.c21.ca\/files\/2021\/02\/thebrick.png\" alt=\"thebrick\" itemprop=\"image\" title=\"thebrick\" onerror=\"this.style.display='none'\"  \/>\n\t\t\t\t<\/a>\n\n","protected":false},"excerpt":{"rendered":"<p>NOS PARTENAIRES CENTURY 21 Canada fait appel \u00e0 l&#8217;expertise de ses partenaires technologiques et commerciaux pour vous offrir des promotions sp\u00e9ciales et des services d&#8217;entreprises locales, nationales et mondiales r\u00e9put\u00e9es. Votre courtier immobilier peut vous fournir plus d&#8217;information sur les partenaires de C21 et vous pr\u00e9senter son programme de services con\u00e7u pour r\u00e9pondre \u00e0 tous [&hellip;]<\/p>\n","protected":false},"author":2,"featured_media":1142,"parent":0,"menu_order":0,"comment_status":"closed","ping_status":"closed","template":"","meta":{"footnotes":""},"class_list":["post-121","page","type-page","status-publish","has-post-thumbnail","hentry"],"_links":{"self":[{"href":"https:\/\/www.c21.ca\/fr-ca\/wp-json\/wp\/v2\/pages\/121","targetHints":{"allow":["GET"]}}],"collection":[{"href":"https:\/\/www.c21.ca\/fr-ca\/wp-json\/wp\/v2\/pages"}],"about":[{"href":"https:\/\/www.c21.ca\/fr-ca\/wp-json\/wp\/v2\/types\/page"}],"author":[{"embeddable":true,"href":"https:\/\/www.c21.ca\/fr-ca\/wp-json\/wp\/v2\/users\/2"}],"replies":[{"embeddable":true,"href":"https:\/\/www.c21.ca\/fr-ca\/wp-json\/wp\/v2\/comments?post=121"}],"version-history":[{"count":10,"href":"https:\/\/www.c21.ca\/fr-ca\/wp-json\/wp\/v2\/pages\/121\/revisions"}],"predecessor-version":[{"id":5101,"href":"https:\/\/www.c21.ca\/fr-ca\/wp-json\/wp\/v2\/pages\/121\/revisions\/5101"}],"wp:featuredmedia":[{"embeddable":true,"href":"https:\/\/www.c21.ca\/fr-ca\/wp-json\/"}],"wp:attachment":[{"href":"https:\/\/www.c21.ca\/fr-ca\/wp-json\/wp\/v2\/media?parent=121"}],"curies":[{"name":"wp","href":"https:\/\/api.w.org\/{rel}","templated":true}]}}