{"id":119,"date":"2021-01-14T03:17:33","date_gmt":"2021-01-14T03:17:33","guid":{"rendered":"http:\/\/corporate.c21canada.moxiworks.net\/why-choose-c21"},"modified":"2023-04-26T16:05:00","modified_gmt":"2023-04-26T20:05:00","slug":"why-choose-c21","status":"publish","type":"page","link":"https:\/\/www.c21.ca\/fr-ca\/why-choose-c21","title":{"rendered":"POURQUOI CHOISIR C21?"},"content":{"rendered":"\n<h1>\n\t\tPOURQUOI C21\n\t<\/h1>\n<h2>\n\t\tPOURQUOI CHOISIR C21\n\t<\/h2>\n\t<p>Proposant une port\u00e9e mondiale et une expertise locale, nous avons toujours appuy\u00e9 l&#8217;entrepreneuriat, le marketing, l&#8217;innovation technologique et l&#8217;\u00e9ducation immobili\u00e8re partout au Canada. Depuis plus de 45 ans, nous sommes la r\u00e9f\u00e9rence en or en mati\u00e8re de formation, de marketing et de perfectionnement professionnel.<\/p>\n<h2>\n\t\tFAITES CONFIANCE \u00c0 UN COURTIER IMMOBILIER C21\n\t<\/h2>\n\t<p>Chez CENTURY\u00a021<sup>MD<\/sup>, nous vous proposons l&#8217;information la plus \u00e0 jour pour vous aider \u00e0 prendre une d\u00e9cision \u00e9clair\u00e9e avant d&#8217;effectuer une transaction immobili\u00e8re.<\/p>\n\t\t\t<a href=\"\/fr-ca\/directory#agents\" target=\"_self\" role=\"button\" rel=\"noopener\">\n\t\t\t\t\t\t\tNOUS JOINDRE\n\t\t\t\t\t<\/a>\n\t\t\t\t<img decoding=\"async\" src=\"\/\/www.c21.ca\/files\/2021\/02\/twowomen.png\" alt=\"twowomen\" itemprop=\"image\" title=\"twowomen\" onerror=\"this.style.display='none'\"  \/>\n<h2>\n\t\tLA DIFF\u00c9RENCE C21\n\t<\/h2>\n\t<p>C&#8217;est en\u00a01976 \u00e0 Richmond, en Colombie-Britannique, que nous avons fait notre entr\u00e9e dans le monde de l&#8217;immobilier en tant qu&#8217;une entreprise familiale au service d&#8217;un r\u00e9seau d&#8217;entreprises familiales. Depuis lors, CENTURY\u00a021<sup>MD<\/sup> est devenue l&#8217;une des premi\u00e8res soci\u00e9t\u00e9s immobili\u00e8res dans le monde. Nous sommes une organisation nationale avec une port\u00e9e mondiale. Fiers de notre tradition canadienne, nous comptons 400 agences et plus de 11 000 membres r\u00e9partis dans 272 villes \u00e0 l&#8217;\u00e9chelle du pays. Notre R\u00e9seau mondial, qui se compose de 150 000 membres et 14 000 agences dans 85 pays, forme l&#8217;une des plus importantes organisations immobili\u00e8res sur la plan\u00e8te.<\/p>\n<h2>\n\t\tNOTRE VISION\n\t<\/h2>\n\t<p>\u00catre la marque immobili\u00e8re la plus pris\u00e9e du monde.<\/p>\n<h2>\n\t\tNOTRE MISSION\n\t<\/h2>\n\t<p>Viser l&#8217;or en offrant le meilleur service du secteur immobilier canadien.<\/p>\n\t\t\t\t<img decoding=\"async\" src=\"\/\/www.c21.ca\/files\/2021\/02\/keys.png\" alt=\"keys\" itemprop=\"image\" title=\"keys\" onerror=\"this.style.display='none'\"  \/>\n<h2>\n\t\tNous en faisons un peu plus \u00e0 chaque \u00e9tape du processus\n\t<\/h2>\n\t<p>Nous facilitons l&#8217;accession \u00e0 la propri\u00e9t\u00e9<\/p>\n\t<p>Parce que votre r\u00e9ussite est aussi la n\u00f4tre. Nous assurons une exp\u00e9rience client exceptionnelle en fournissant \u00e0 nos membres une formation \u00e9prouv\u00e9e et des outils de marketing efficaces.<\/p>\n\t<p>Nous sommes connect\u00e9s \u00e0 l&#8217;\u00e9chelle mondiale<\/p>\n\t<p>Parce que les occasions de vente viennent de partout. Vos inscriptions sont publi\u00e9es sur century21global.com, site Web accessible dans 36 pays et 19 langues.<\/p>\n\t<p>Nous simplifions le processus<\/p>\n\t<p>Parce que nous voulons vous offrir une exp\u00e9rience agr\u00e9able. Les clients b\u00e9n\u00e9ficient de rabais exclusifs sur les produits et services dont ils ont besoin\u00a0: des services de transport \u00e0 l&#8217;entreposage en passant par la d\u00e9coration.<\/p>\n\t<p>Nos communaut\u00e9s locales nous tiennent \u00e0 c\u0153ur<\/p>\n\t<p>Parce que nous en faisons partie. Depuis 1979, nos membres, par l&#8217;entremise des Timbres de P\u00e2ques, ont recueilli des millions de dollars au profit des familles locales vivant avec un handicap, en plus de soutenir d&#8217;autres \u0153uvres de bienfaisance communautaires.<\/p>\n<h2>\n\t\t\u00c9VALUATION DE PROPRI\u00c9T\u00c9\n\t<\/h2>\n\t<p>Vous songez \u00e0 vendre? Demandez une \u00e9valuation de propri\u00e9t\u00e9 gratuite d\u00e8s aujourd&#8217;hui.<\/p>\n\t\t\t<a href=\"\/fr-ca\/free-home-valuation\" target=\"_self\" role=\"button\" rel=\"noopener\">\n\t\t\t\t\t\t\tCOMMENCER\n\t\t\t\t\t<\/a>\n<h2>\n\t\t\u00c9VALUATION DE PROPRI\u00c9T\u00c9\n\t<\/h2>\n\t<p>Vous songez \u00e0 vendre? Demandez une \u00e9valuation de propri\u00e9t\u00e9 gratuite d\u00e8s aujourd&#8217;hui.<\/p>\n\t\t\t<a href=\"\/fr-ca\/free-home-valuation\" target=\"_self\" role=\"button\" rel=\"noopener\">\n\t\t\t\t\t\t\tCOMMENCER\n\t\t\t\t\t<\/a>\n\n","protected":false},"excerpt":{"rendered":"<p>POURQUOI C21 POURQUOI CHOISIR C21 Proposant une port\u00e9e mondiale et une expertise locale, nous avons toujours appuy\u00e9 l&#8217;entrepreneuriat, le marketing, l&#8217;innovation technologique et l&#8217;\u00e9ducation immobili\u00e8re partout au Canada. Depuis plus de 45 ans, nous sommes la r\u00e9f\u00e9rence en or en mati\u00e8re de formation, de marketing et de perfectionnement professionnel. FAITES CONFIANCE \u00c0 UN COURTIER IMMOBILIER [&hellip;]<\/p>\n","protected":false},"author":2,"featured_media":1018,"parent":0,"menu_order":0,"comment_status":"closed","ping_status":"closed","template":"","meta":{"footnotes":""},"class_list":["post-119","page","type-page","status-publish","has-post-thumbnail","hentry"],"_links":{"self":[{"href":"https:\/\/www.c21.ca\/fr-ca\/wp-json\/wp\/v2\/pages\/119","targetHints":{"allow":["GET"]}}],"collection":[{"href":"https:\/\/www.c21.ca\/fr-ca\/wp-json\/wp\/v2\/pages"}],"about":[{"href":"https:\/\/www.c21.ca\/fr-ca\/wp-json\/wp\/v2\/types\/page"}],"author":[{"embeddable":true,"href":"https:\/\/www.c21.ca\/fr-ca\/wp-json\/wp\/v2\/users\/2"}],"replies":[{"embeddable":true,"href":"https:\/\/www.c21.ca\/fr-ca\/wp-json\/wp\/v2\/comments?post=119"}],"version-history":[{"count":14,"href":"https:\/\/www.c21.ca\/fr-ca\/wp-json\/wp\/v2\/pages\/119\/revisions"}],"predecessor-version":[{"id":5100,"href":"https:\/\/www.c21.ca\/fr-ca\/wp-json\/wp\/v2\/pages\/119\/revisions\/5100"}],"wp:featuredmedia":[{"embeddable":true,"href":"https:\/\/www.c21.ca\/fr-ca\/wp-json\/"}],"wp:attachment":[{"href":"https:\/\/www.c21.ca\/fr-ca\/wp-json\/wp\/v2\/media?parent=119"}],"curies":[{"name":"wp","href":"https:\/\/api.w.org\/{rel}","templated":true}]}}