{"id":108,"date":"2020-11-21T19:54:00","date_gmt":"2020-11-21T19:54:00","guid":{"rendered":"http:\/\/corporate.c21canada.moxiworks.net\/century-21-corporate"},"modified":"2021-06-28T18:37:07","modified_gmt":"2021-06-28T22:37:07","slug":"century-21-corporate","status":"publish","type":"page","link":"https:\/\/www.c21.ca\/fr-ca","title":{"rendered":"ACCUEIL"},"content":{"rendered":"\n\n\t<p>NOTRE MISSION : <\/p>\n<h2>\n\t\tVISER L&#8217;OR EN OFFRANT LE MEILLEUR SERVICE DU SECTEUR IMMOBILIER\n\t<\/h2>\n\t\t\t<a href=\"https:\/\/quebec.c21.ca\/proprietes\/\" target=\"_blank\" role=\"button\" rel=\"noopener noreferrer\">\n\t\t\t\t\t\t\trechercher des inscriptions au Qu\u00e9bec\n\t\t\t\t\t<\/a>\n\t<p>Proposant une port\u00e9e mondiale et une expertise locale, CENTURY\u00a021<sup>MD<\/sup> a toujours appuy\u00e9 l&#8217;entrepreneuriat, le marketing, l&#8217;innovation technologique et l&#8217;\u00e9ducation immobili\u00e8re partout au Canada. Depuis plus de 40\u00a0ans, nous visons l&#8217;or dans le secteur immobilier.<\/p>\n<p>Notre site Web est un guichet unique pour vos recherches de propri\u00e9t\u00e9s en ligne, et nous d\u00e9sirons vivement partager notre savoir sur le march\u00e9 immobilier local et l&#8217;industrie. Que vous soyez client ou courtier immobilier, notre but premier est d&#8217;assurer votre succ\u00e8s en vous offrant une exp\u00e9rience extraordinaire \u00e0 chaque \u00e9tape de votre parcours.<\/p>\n<h2>\n\t\tPROPRI\u00c9T\u00c9S EN VEDETTE\n\t<\/h2>\n\t\t\t<a href=\"\/fr-ca\/search\" target=\"_self\" role=\"button\" rel=\"noopener noreferrer\">\n\t\t\t\t\t\t\tVoir plus de propri\u00e9t\u00e9s\n\t\t\t\t\t<\/a>\n\t<p>Proposant une port\u00e9e mondiale et une expertise locale, CENTURY\u00a021<sup>MD<\/sup> a toujours appuy\u00e9 l&#8217;entrepreneuriat, le marketing, l&#8217;innovation technologique et l&#8217;\u00e9ducation immobili\u00e8re partout au Canada. Depuis plus de 40\u00a0ans, nous visons l&#8217;or dans le secteur immobilier.<\/p>\n<p>Notre site Web est un guichet unique pour vos recherches de propri\u00e9t\u00e9s en ligne, et nous d\u00e9sirons vivement partager notre savoir sur le march\u00e9 immobilier local et l&#8217;industrie. Que vous soyez client ou courtier immobilier, notre but premier est d&#8217;assurer votre succ\u00e8s en vous offrant une exp\u00e9rience extraordinaire \u00e0 chaque \u00e9tape de votre parcours.<\/p>\n<h2>\n\t\tPROPRI\u00c9T\u00c9S EN VEDETTE\n\t<\/h2>\n\t\t\t<a href=\"\/fr-ca\/search\" target=\"_self\" role=\"button\" rel=\"noopener noreferrer\">\n\t\t\t\t\t\t\tVoir plus de propri\u00e9t\u00e9s\n\t\t\t\t\t<\/a>\n<h2>\n\t\t\u00c9VALUATION DE PROPRI\u00c9T\u00c9 \n\t<\/h2>\n\t<p>Vous songez \u00e0 vendre? Demandez une \u00e9valuation de propri\u00e9t\u00e9 gratuite d\u00e8s aujourd&#8217;hui.<\/p>\n\t\t\t<a href=\"\/fr-ca\/free-home-valuation\" target=\"_self\" role=\"button\" rel=\"noopener noreferrer\">\n\t\t\t\t\t\t\tCOMMENCER\n\t\t\t\t\t<\/a>\n<h2>\n\t\t\u00c9VALUATION DE PROPRI\u00c9T\u00c9 \n\t<\/h2>\n\t<p>Thinking of selling? Request a free property appraisal today.<\/p>\n\t\t\t<a href=\"http:\/\/corporate.c21canada.moxiworks.net\/fr-ca\/free-home-valuation\" target=\"_self\" role=\"button\" rel=\"noopener noreferrer\">\n\t\t\t\t\t\t\tCOMMENCER\n\t\t\t\t\t<\/a>\n\t\t\t\t<img decoding=\"async\" src=\"\/\/www.c21.ca\/files\/2021\/02\/Mask-Group-38-1.png\" alt=\"Mask-Group-38\" itemprop=\"image\" title=\"Mask-Group-38\" onerror=\"this.style.display='none'\"  \/>\n<h2>\n\t\tL\u00c0 POUR VOUS \u00c0 CHAQUE \u00c9TAPE\n\t<\/h2>\n\t<p>Chez CENTURY\u00a021<sup>MD<\/sup>, nous vous proposons l&#8217;information la plus \u00e0 jour pour vous aider \u00e0 prendre une d\u00e9cision \u00e9clair\u00e9e avant d&#8217;effectuer une transaction immobili\u00e8re.<\/p>\n\t\t\t<a href=\"\/fr-ca\/directory\" target=\"_self\" role=\"button\" rel=\"noopener noreferrer\">\n\t\t\t\t\t\t\tTROUVEZ UN COURTIER\n\t\t\t\t\t<\/a>\n\t\t\t<a href=\"\/fr-ca\/directory\" target=\"_self\" role=\"button\" rel=\"noopener noreferrer\">\n\t\t\t\t\t\t\tTROUVEZ UNE AGENCE\n\t\t\t\t\t<\/a>\n<h2>\n\t\tFAITES CARRI\u00c8RE CHEZ C21\n\t<\/h2>\n\t<p>Notre R\u00e9seau est ax\u00e9 sur les courtiers immobiliers. Cela signifie que nous vous fournissons tout ce dont vous avez besoin pour r\u00e9ussir\u00a0: outils de marketing, technologies, encadrement, sites Web mobiles et plus encore!<\/p>\n\t\t\t<a href=\"https:\/\/www.century21careers.ca\/\" target=\"_self\" role=\"button\" rel=\"noopener noreferrer\">\n\t\t\t\t\t\t\tEN SAVOIR PLUS\n\t\t\t\t\t<\/a>\n\t\t\t\t<img decoding=\"async\" src=\"\/\/www.c21.ca\/files\/2021\/02\/yard-sign.png\" alt=\"yard sign\" itemprop=\"image\" title=\"yard sign\" onerror=\"this.style.display='none'\"  \/>\n<h2>\n\t\tPOURQUOI CHOISIR C21?\n\t<\/h2>\n\t<p>En choisissant C21, vous b\u00e9n\u00e9ficiez du soutien d&#8217;une marque de premier ordre qui fera tout pour assurer votre succ\u00e8s.<\/p>\n\t\t\t<a href=\"\/fr-ca\/why-choose-c21\" target=\"_self\" role=\"button\" rel=\"noopener noreferrer\">\n\t\t\t\t\t\t\tEN SAVOIR PLUS\n\t\t\t\t\t<\/a>\n<h2>\n\t\tC21 DANS L&#8217;ACTUALIT\u00c9\n\t<\/h2>\n        <ul>\n                    <\/ul>\n        <a href=\"#\">\n<\/a>\n        <a href=\"#\"><\/a>\n<h2>\n\t\tMARCH\u00c9S CANADIENS POPULAIRES\n\t<\/h2>\n\t\n<ul>\n<li> <a href=\"https:\/\/www.c21.ca\/property-search?feed=c21&amp;refine=true&amp;search_location=Calgary&amp;idx=c21&amp;search_state=Alberta&amp;search_city=Calgary&amp;map%5Bne%5D=55.461842%2C-107.210054&amp;map%5Bsw%5D=49.176448%2C-123.228121&amp;ts=1584052010847\">Calgary<\/a><\/li>\n<li> <a href=\"https:\/\/www.c21.ca\/property-search?feed=c21&amp;refine=true&amp;search_location=Edmonton&amp;idx=c21&amp;search_state=Alberta&amp;search_city=Edmonton&amp;map%5Bne%5D=53.746698%2C-113.004142&amp;map%5Bsw%5D=53.364093%2C-114.005272&amp;ts=1584052090116\">Edmonton<\/a><\/li>\n<li> <a href=\"https:\/\/www.c21.ca\/property-search?feed=c21&amp;refine=true&amp;search_location=Red%20Deer&amp;idx=c21&amp;search_state=Alberta&amp;search_city=Red%20Deer&amp;map%5Bne%5D=58.734775%2C-83.888123&amp;map%5Bsw%5D=46.302431%2C-115.924256&amp;ts=1584052110132\">Red Deer<\/a><\/li>\n<li> <a href=\"https:\/\/www.c21.ca\/property-search?feed=c21&amp;refine=true&amp;search_location=Lethbridge&amp;idx=c21&amp;search_state=Alberta&amp;search_city=Lethbridge&amp;map%5Bne%5D=49.905272%2C-112.226745&amp;map%5Bsw%5D=49.488669%2C-113.227874&amp;ts=1584052135059\">Lethbridge<\/a><\/li>\n<li> <a href=\"https:\/\/www.c21.ca\/property-search?feed=c21&amp;refine=true&amp;search_location=Fort%20McMurray&amp;idx=c21&amp;search_state=Alberta&amp;search_city=Fort%20McMurray&amp;map%5Bne%5D=57.032895%2C-110.268667&amp;map%5Bsw%5D=56.325306%2C-112.270926&amp;ts=1584052151491\">Fort McMurray<\/a><\/li>\n<li> <a href=\"https:\/\/www.c21.ca\/property-search?feed=c21&amp;refine=true&amp;map%5Bzoom%5D=10&amp;map%5Blongitude%5D=-112.6158445&amp;map%5Blatitude%5D=51.348249717910335&amp;map%5Bbounds%5D=1&amp;map%5Bne%5D=51.590347%2C-111.867401&amp;map%5Bsw%5D=51.104867%2C-113.364288&amp;search_location=Drumheller&amp;idx=c21&amp;search_state=Alberta&amp;search_city=Drumheller&amp;ts=1584388207796\">Drumheller<\/a><\/li>\n<li> <a href=\"https:\/\/www.c21.ca\/property-search?feed=c21&amp;refine=true&amp;search_location=Canmore&amp;idx=c21&amp;search_state=Alberta&amp;search_city=Canmore&amp;map%5Bne%5D=51.119302%2C-115.20886&amp;map%5Bsw%5D=51.03158%2C-115.472075&amp;ts=1611182362564\">Canmore<\/a><\/li>\n<\/ul>\n\t\n<ul>\n<li> <a href=\"http:\/\/corporate.c21canada.moxiworks.net\/search\/#status=active&amp;sold_days=180&amp;pstatus=1%2C11&amp;ptype_tmp=2%2C8&amp;ls_conversion=acres&amp;location_search_field=Vancouver%2C%20BC%2C%20Canada&amp;drive_time=09%3A00&amp;drive_duration=15&amp;drive_avoid_ferry=1&amp;drive_departure=1&amp;ss_description=Vancouver%2C%20BC%2C%20Canada&amp;ss_email_freq=40&amp;ss_send_zero_result=1&amp;bounds_north=50.0463699543431&amp;bounds_east=-122.16627310725494&amp;bounds_south=48.52004957680041&amp;bounds_west=-123.67268752070709&amp;center_lat=49.2827291&amp;center_lon=-123.1207375&amp;center_lat_pan=49.28911602489749&amp;center_lon_pan=-122.91948031398101&amp;geotype=PopulatedPlace&amp;user_lat=49.2827291&amp;user_lon=-123.1207375&amp;pgsize=20&amp;startidx=0&amp;zoom=9&amp;sort_by=11&amp;company_uuid=3341197&amp;commute=0&amp;buffer_miles=0.25&amp;geospatial=true&amp;ptype=1%2C2&amp;searchType=criteria&amp;omit_hidden=true&amp;ex_pend=true\">Vancouver<\/a><\/li>\n<li> <a href=\"https:\/\/www.c21.ca\/property-search?feed=c21&amp;refine=true&amp;map%5Bzoom%5D=6&amp;map%5Blongitude%5D=-126.59412814999999&amp;map%5Blatitude%5D=51.23686552291827&amp;map%5Bbounds%5D=1&amp;map%5Bne%5D=54.65704%2C-114.61903&amp;map%5Bsw%5D=47.542106%2C-138.569226&amp;search_location=Victoria&amp;idx=c21&amp;search_state=British%20Columbia&amp;search_city=Victoria&amp;ts=1584569036029\">Victoria<\/a><\/li>\n<li> <a href=\"https:\/\/www.c21.ca\/property-search?feed=c21&amp;refine=true&amp;search_location=Kelowna&amp;idx=c21&amp;search_state=British%20Columbia&amp;search_city=Kelowna&amp;map%5Bne%5D=50.330675%2C-118.304153&amp;map%5Bsw%5D=49.501251%2C-120.306411&amp;ts=1584052695005\">Kelowna<\/a><\/li>\n<li> <a href=\"https:\/\/www.c21.ca\/property-search?feed=c21&amp;refine=true&amp;search_location=Abbotsford&amp;idx=c21&amp;search_state=British%20Columbia&amp;search_city=Abbotsford&amp;map%5Bne%5D=49.555613%2C-121.594984&amp;map%5Bsw%5D=48.71282%2C-123.597243&amp;ts=1584052737966\">Abbotsford<\/a><\/li>\n<li> <a href=\"https:\/\/www.c21.ca\/property-search?feed=c21&amp;refine=true&amp;map%5Bzoom%5D=8&amp;map%5Blongitude%5D=-120.20583305000001&amp;map%5Blatitude%5D=49.738395126024464&amp;map%5Bbounds%5D=1&amp;map%5Bne%5D=50.732698%2C-117.212059&amp;map%5Bsw%5D=48.723293%2C-123.199607&amp;search_location=Rossland&amp;idx=c21&amp;search_state=British%20Columbia&amp;search_city=Rossland&amp;ts=1584388446464\">Rossland<\/a><\/li>\n<li> <a href=\"https:\/\/www.c21.ca\/property-search?feed=c21&amp;refine=true&amp;map%5Bzoom%5D=6&amp;map%5Blongitude%5D=-120.68745919999999&amp;map%5Blatitude%5D=53.819503473766225&amp;map%5Bbounds%5D=1&amp;map%5Bne%5D=57.040169%2C-108.712362&amp;map%5Bsw%5D=50.330779%2C-132.662557&amp;idx=c21&amp;search_state=British%20Columbia&amp;search_city=Fort%20St.%20John&amp;ts=1584567626961\">Fort St. John<\/a><\/li>\n<li> <a href=\"https:\/\/www.c21.ca\/property-search?feed=c21&amp;refine=true&amp;map%5Bzoom%5D=11&amp;map%5Blongitude%5D=-117.65624799999999&amp;map%5Blatitude%5D=49.3224769485593&amp;map%5Bbounds%5D=1&amp;map%5Bne%5D=49.448972%2C-117.282026&amp;map%5Bsw%5D=49.195656%2C-118.03047&amp;search_location=Castlegar&amp;idx=c21&amp;search_state=British%20Columbia&amp;search_city=Castlegar&amp;ts=1584388346841\">Castlegar<\/a><\/li>\n<\/ul>\n\t\n<ul>\n<li> <a href=\"https:\/\/www.c21.ca\/property-search?feed=c21&amp;refine=true&amp;search_location=Winnipeg&amp;idx=c21&amp;search_state=Manitoba&amp;search_city=Winnipeg&amp;map%5Bne%5D=52.321074%2C-94.445414&amp;map%5Bsw%5D=49.058573%2C-102.454447&amp;ts=1584053017685\">Winnipeg<\/a><\/li>\n<li> <a href=\"https:\/\/www.c21.ca\/property-search?feed=c21&amp;refine=true&amp;search_location=Brandon&amp;idx=c21&amp;search_state=Manitoba&amp;search_city=Brandon&amp;map%5Bne%5D=50.055771%2C-99.497639&amp;map%5Bsw%5D=49.640466%2C-100.498769&amp;ts=1584053049868\">Brandon<\/a><\/li>\n<li> <a href=\"https:\/\/www.c21.ca\/property-search?feed=c21&amp;refine=true&amp;search_location=Steinbach&amp;idx=c21&amp;search_state=Manitoba&amp;search_city=Steinbach&amp;map%5Bne%5D=49.565065%2C-96.311156&amp;map%5Bsw%5D=49.35575%2C-96.811721&amp;ts=1584053086360\">Steinbach<\/a><\/li>\n<li> <a href=\"https:\/\/www.c21.ca\/property-search?feed=c21&amp;refine=true&amp;search_location=Portage%20La%20Prairie&amp;idx=c21&amp;search_state=Manitoba&amp;search_city=Portage%20La%20Prairie&amp;map%5Bne%5D=50.240549%2C-97.755702&amp;map%5Bsw%5D=49.826841%2C-98.756831&amp;ts=1584053130583\">Portage La Prairie<\/a><\/li>\n<li> <a href=\"https:\/\/www.c21.ca\/property-search?feed=c21&amp;refine=true&amp;search_location=Selkirk&amp;idx=c21&amp;search_state=Manitoba&amp;search_city=Selkirk&amp;map%5Bne%5D=50.200099%2C-96.698144&amp;map%5Bsw%5D=50.096918%2C-96.948427&amp;ts=1584053201498\">Selkirk<\/a><\/li>\n<\/ul>\n\t\n<ul>\n<li> <a href=\"https:\/\/www.c21.ca\/property-search?feed=c21&amp;refine=true&amp;search_location=Moncton&amp;idx=c21&amp;search_state=New%20Brunswick&amp;search_city=Moncton&amp;map%5Bne%5D=46.178389%2C-64.590806&amp;map%5Bsw%5D=45.954954%2C-65.09137&amp;ts=1584053308108\">Moncton<\/a><\/li>\n<li> <a href=\"https:\/\/www.c21.ca\/property-search?feed=c21&amp;refine=true&amp;search_location=Fredericton&amp;idx=c21&amp;search_state=New%20Brunswick&amp;search_city=Fredericton&amp;map%5Bne%5D=46.062932%2C-66.151807&amp;map%5Bsw%5D=45.614221%2C-67.152936&amp;ts=1584053401745\">Fredericton<\/a><\/li>\n<li> <a href=\"https:\/\/www.c21.ca\/property-search?feed=c21&amp;refine=true&amp;search_location=Saint%20John&amp;idx=c21&amp;search_state=New%20Brunswick&amp;search_city=Saint%20John&amp;map%5Bne%5D=45.423575%2C-65.717652&amp;map%5Bsw%5D=45.197097%2C-66.218216&amp;ts=1584053464834\">Saint John<\/a><\/li>\n<li> <a href=\"https:\/\/www.c21.ca\/property-search?feed=c21&amp;refine=true&amp;search_location=Bathurst&amp;idx=c21&amp;search_state=New%20Brunswick&amp;search_city=Bathurst&amp;map%5Bne%5D=47.710151%2C-65.361822&amp;map%5Bsw%5D=47.493008%2C-65.862386&amp;ts=1584053597725\">Bathurst<\/a><\/li>\n<li> <a href=\"https:\/\/www.c21.ca\/property-search?feed=c21&amp;refine=true&amp;search_location=Edmundston&amp;idx=c21&amp;search_state=New%20Brunswick&amp;search_city=Edmundston&amp;map%5Bne%5D=47.43623%2C-68.182751&amp;map%5Bsw%5D=47.327203%2C-68.433033&amp;ts=1584053636290\">Edmundston<\/a><\/li>\n<\/ul>\n\t\n<ul>\n<li> <a href=\"https:\/\/www.c21.ca\/property-search?feed=c21&amp;refine=true&amp;search_location=ST.%20JOHN%27S&amp;idx=c21&amp;search_state=Newfoundland%20and%20Labrador&amp;search_city=ST.%20JOHN%27S&amp;map%5Bne%5D=47.638013%2C-52.501782&amp;map%5Bsw%5D=47.42057%2C-53.002347&amp;ts=1584053718007\">St. John&#8217;s<\/a><\/li>\n<li> <a href=\"https:\/\/www.c21.ca\/property-search.php?feed=&amp;search_city=CORNER%20BROOK&amp;search_location=CORNER%20BROOK&amp;search_state=Newfoundland%20and%20Labrador\">Corner Brook<\/a><\/li>\n<li> <a href=\"https:\/\/www.c21.ca\/property-search?feed=c21&amp;refine=true&amp;map%5Bzoom%5D=12&amp;map%5Blongitude%5D=-55.67199300000001&amp;map%5Blatitude%5D=48.94963428130914&amp;map%5Bbounds%5D=1&amp;map%5Bne%5D=49.007884%2C-55.484882&amp;map%5Bsw%5D=48.891317%2C-55.859104&amp;search_location=Grand%20Falls-Windsor&amp;idx=c21&amp;search_state=Newfoundland%20and%20Labrador&amp;search_city=GRAND%20FALLS%20-%20WINDSOR&amp;ts=1584569262968\">Grand Falls-Windsor<\/a><\/li>\n<li> <a href=\"https:\/\/www.c21.ca\/property-search?feed=c21&amp;refine=true&amp;search_location=Gander&amp;idx=c21&amp;search_state=Newfoundland%20and%20Labrador&amp;search_city=Gander&amp;map%5Bne%5D=49.949427%2C-52.558501&amp;map%5Bsw%5D=48.263057%2C-56.563017&amp;ts=1584053889511\">Gander<\/a><\/li>\n<li> <a href=\"https:\/\/www.c21.ca\/property-search?feed=c21&amp;refine=true&amp;map%5Bzoom%5D=14&amp;map%5Blongitude%5D=-66.9263571&amp;map%5Blatitude%5D=52.939564809193385&amp;map%5Bbounds%5D=1&amp;map%5Bne%5D=52.952934%2C-66.879579&amp;map%5Bsw%5D=52.926191%2C-66.973135&amp;search_location=Labrador%20City&amp;idx=c21&amp;search_state=Newfoundland%20and%20Labrador&amp;search_city=Labrador%20City&amp;ts=1584569340979\">Labrador City<\/a><\/li>\n<\/ul>\n\t\n<ul>\n<li> <a href=\"https:\/\/www.c21.ca\/property-search?feed=c21&amp;refine=true&amp;search_location=Halifax&amp;idx=c21&amp;search_state=Nova%20Scotia&amp;search_city=Halifax&amp;map%5Bne%5D=45.184792%2C-62.69701&amp;map%5Bsw%5D=44.269637%2C-64.699268&amp;ts=1584053986469\">Halifax<\/a><\/li>\n<li> <a href=\"https:\/\/www.c21.ca\/property-search?feed=c21&amp;refine=true&amp;search_location=Sydney&amp;idx=c21&amp;search_state=Nova%20Scotia&amp;search_city=Sydney&amp;map%5Bne%5D=46.263324%2C-59.940099&amp;map%5Bsw%5D=46.040233%2C-60.440663&amp;ts=1584054014486\">Sydney<\/a><\/li>\n<li><a href=\"https:\/\/www.c21.ca\/property-search?feed=c21&amp;refine=true&amp;map%5Bzoom%5D=13&amp;map%5Blongitude%5D=-63.297391499999996&amp;map%5Blatitude%5D=45.3556943307015&amp;map%5Bbounds%5D=1&amp;map%5Bne%5D=45.386868%2C-63.203836&amp;map%5Bsw%5D=45.324504%2C-63.390947&amp;search_location=Truro&amp;idx=c21&amp;search_state=Nova%20Scotia&amp;search_city=Truro&amp;ts=1584569448750\">Truro<\/a><\/li>\n<li> <a href=\"https:\/\/www.c21.ca\/property-search?feed=c21&amp;refine=true&amp;map%5Bzoom%5D=12&amp;map%5Blongitude%5D=-62.5864002&amp;map%5Blatitude%5D=45.604927820884804&amp;map%5Bbounds%5D=1&amp;map%5Bne%5D=45.666982%2C-62.399289&amp;map%5Bsw%5D=45.542805%2C-62.773511&amp;search_location=New%20Glasgow&amp;idx=c21&amp;search_state=Nova%20Scotia&amp;search_city=New%20Glasgow&amp;ts=1584569492450\">New Glasgow<\/a><\/li>\n<li> <a href=\"https:\/\/www.c21.ca\/property-search?feed=c21&amp;refine=true&amp;search_location=Glace%20Bay&amp;idx=c21&amp;search_state=Nova%20Scotia&amp;search_city=Glace%20Bay&amp;map%5Bne%5D=46.224152%2C-59.904985&amp;map%5Bsw%5D=46.168424%2C-60.030127&amp;ts=1584054103048\">Glace Bay<\/a><\/li>\n<li> <a href=\"https:\/\/www.c21.ca\/property-search?feed=c21&amp;refine=true&amp;map%5Bzoom%5D=9&amp;map%5Blongitude%5D=-62.81736299999999&amp;map%5Blatitude%5D=45.036978032095824&amp;map%5Bbounds%5D=1&amp;map%5Bne%5D=45.536494%2C-61.320476&amp;map%5Bsw%5D=44.533063%2C-64.31425&amp;idx=c21&amp;search_state=Nova%20Scotia&amp;search_city=Dartmouth&amp;ts=1584567442786\">Dartmouth<\/a><\/li>\n<\/ul>\n\t\n<ul>\n<li> <a href=\"https:\/\/www.c21.ca\/property-search?feed=c21&amp;refine=true&amp;search_location=Montreal&amp;idx=c21&amp;search_state=Quebec&amp;search_city=Montreal&amp;map%5Bne%5D=45.785527%2C-73.192959&amp;map%5Bsw%5D=45.334575%2C-74.194088&amp;ts=1584054659500\">Montreal<\/a><\/li>\n<li> <a href=\"https:\/\/www.c21.ca\/fr_CA\/property-search?feed=c21&amp;refine=true&amp;search_location=Qu%C3%A9bec&amp;idx=c21&amp;map%5Bne%5D=47.095563%2C-70.177508&amp;map%5Bsw%5D=46.211395%2C-72.179766&amp;ts=1584054985161\">Quebec City<\/a><\/li>\n<li> <a href=\"https:\/\/www.c21.ca\/property-search?feed=c21&amp;refine=true&amp;search_location=Gatineau%20%28Gatineau%29&amp;idx=c21&amp;search_state=Quebec&amp;search_city=Gatineau%20%28Gatineau%29&amp;map%5Bne%5D=45.544003%2C-75.534497&amp;map%5Bsw%5D=45.431118%2C-75.784779&amp;ts=1584055019143\">Gatineau<\/a><\/li>\n<li> <a href=\"https:\/\/www.c21.ca\/property-search?feed=c21&amp;refine=true&amp;search_location=Sherbrooke%2C%20QC&amp;idx=c21&amp;search_state=Quebec&amp;search_city=Gatineau%20%28Gatineau%29&amp;map%5Bne%5D=45.844404%2C-71.723425&amp;map%5Bsw%5D=44.93983%2C-73.725684&amp;ts=1584055066736\">Sherbrooke<\/a><\/li>\n<\/ul>\n\t\n<ul>\n<li> <a href=\"https:\/\/www.c21.ca\/property-search.php?feed=&amp;search_city=Toronto&amp;search_location=Toronto&amp;search_state=Ontario\">Toronto<\/a><\/li>\n<li> <a href=\"https:\/\/www.c21.ca\/property-search?feed=c21&amp;refine=true&amp;map%5Bzoom%5D=7&amp;map%5Blongitude%5D=-76.34932090000001&amp;map%5Blatitude%5D=46.62966814217136&amp;map%5Bbounds%5D=1&amp;map%5Bne%5D=48.544828%2C-70.361772&amp;map%5Bsw%5D=44.644265%2C-82.33687&amp;idx=c21&amp;search_state=Ontario&amp;search_city=Ottawa&amp;ts=1584569801459\">Ottawa<\/a><\/li>\n<li> <a href=\"https:\/\/www.c21.ca\/property-search?feed=c21&amp;refine=true&amp;map%5Bzoom%5D=8&amp;map%5Blongitude%5D=-79.17497929999999&amp;map%5Blatitude%5D=43.50333820667622&amp;map%5Bbounds%5D=1&amp;map%5Bne%5D=44.52451%2C-76.181205&amp;map%5Bsw%5D=42.464596%2C-82.168754&amp;search_location=Hamilton&amp;idx=c21&amp;search_state=Ontario&amp;search_city=Hamilton&amp;ts=1584569748573\">Hamilton<\/a><\/li>\n<li> <a href=\"https:\/\/www.c21.ca\/property-search?feed=c21&amp;refine=true&amp;map%5Bzoom%5D=11&amp;map%5Blongitude%5D=-80.52663185&amp;map%5Blatitude%5D=43.43328469762887&amp;map%5Bbounds%5D=1&amp;map%5Bne%5D=43.562042%2C-80.15241&amp;map%5Bsw%5D=43.304253%2C-80.900854&amp;search_location=Kitchener&amp;idx=c21&amp;search_state=Ontario&amp;search_city=Kitchener&amp;ts=1584569699011\">Kitchener<\/a><\/li>\n<li> <a href=\"https:\/\/www.c21.ca\/property-search?feed=c21&amp;refine=true&amp;search_location=London&amp;idx=c21&amp;search_state=Ontario&amp;search_city=London&amp;map%5Bne%5D=44.463619%2C-78.905844&amp;map%5Bsw%5D=42.751486%2C-82.226462&amp;ts=1584048592128\">London<\/a><\/li>\n<li> <a href=\"https:\/\/www.c21.ca\/property-search?feed=c21&amp;refine=true&amp;search_location=Oshawa&amp;idx=c21&amp;search_state=Ontario&amp;search_city=Oshawa&amp;map%5Bne%5D=44.312698%2C-78.381439&amp;map%5Bsw%5D=43.460547%2C-80.041748&amp;ts=1584048633467\">Oshawa<\/a><\/li>\n<li> <a href=\"https:\/\/www.c21.ca\/property-search?feed=c21&amp;refine=true&amp;search_location=Windsor&amp;idx=c21&amp;search_state=Ontario&amp;search_city=Oshawa&amp;map%5Bne%5D=51.697078%2C-69.200183&amp;map%5Bsw%5D=38.424333%2C-95.765124&amp;ts=1584048760111\">Windsor<\/a><\/li>\n<li> <a href=\"https:\/\/www.c21.ca\/property-search?feed=c21&amp;refine=true&amp;search_location=St.%20Catharines&amp;idx=c21&amp;search_state=Ontario&amp;search_city=St.%20Catharines&amp;map%5Bne%5D=83.613615%2C180&amp;map%5Bsw%5D=-79.600441%2C-180&amp;ts=1584048840838\">St. Catharines<\/a><\/li>\n<li> <a href=\"https:\/\/www.c21.ca\/property-search?feed=c21&amp;refine=true&amp;search_location=Barrie&amp;idx=c21&amp;search_state=Ontario&amp;search_city=St.%20Catharines&amp;map%5Bne%5D=45.638202%2C-75.086988&amp;map%5Bsw%5D=42.233766%2C-81.728223&amp;ts=1584048865103\">Barrie<\/a><\/li>\n<li> <a href=\"https:\/\/www.c21.ca\/property-search?feed=c21&amp;refine=true&amp;map%5Bzoom%5D=9&amp;map%5Blongitude%5D=-79.502466&amp;map%5Blatitude%5D=46.47938718827154&amp;map%5Bbounds%5D=1&amp;map%5Bne%5D=47.012004%2C-78.005579&amp;map%5Bsw%5D=45.941505%2C-80.999353&amp;search_location=North%20Bay&amp;idx=c21&amp;search_state=Ontario&amp;search_city=North%20Bay&amp;ts=1584388177817\">North Bay<\/a><\/li>\n<\/ul>\n\t\n<ul>\n<li> <a href=\"https:\/\/www.c21.ca\/property-search?feed=c21&amp;refine=true&amp;search_location=Charlottetown&amp;idx=c21&amp;search_state=Prince%20Edward%20Island&amp;search_city=Charlottetown&amp;map%5Bne%5D=46.31674%2C-63.016241&amp;map%5Bsw%5D=46.205416%2C-63.266524&amp;ts=1584054200066\">Charlottetown<\/a><\/li>\n<li> <a href=\"https:\/\/www.c21.ca\/property-search?feed=c21&amp;refine=true&amp;search_location=Summerside&amp;idx=c21&amp;search_state=Prince%20Edward%20Island&amp;search_city=Summerside&amp;map%5Bne%5D=46.457308%2C-63.629653&amp;map%5Bsw%5D=46.346271%2C-63.879935&amp;ts=1584054228148\">Summerside<\/a><\/li>\n<li> <a href=\"https:\/\/www.c21.ca\/property-search?feed=c21&amp;refine=true&amp;search_location=Cornwall&amp;idx=c21&amp;search_state=Prince%20Edward%20Island&amp;search_city=Cornwall&amp;map%5Bne%5D=46.301423%2C-63.06164&amp;map%5Bsw%5D=46.190068%2C-63.311922&amp;ts=1584054495584\">Cornwall<\/a><\/li>\n<li> <a href=\"https:\/\/www.c21.ca\/property-search?feed=c21&amp;refine=true&amp;search_location=Montague&amp;idx=c21&amp;search_state=Prince%20Edward%20Island&amp;search_city=Montague&amp;map%5Bne%5D=46.581888%2C-61.654207&amp;map%5Bsw%5D=45.68929%2C-63.656465&amp;ts=1584054553839\">Montague<\/a><\/li>\n<li> <a href=\"https:\/\/www.c21.ca\/property-search?feed=c21&amp;refine=true&amp;search_location=Kensington&amp;idx=c21&amp;search_state=Prince%20Edward%20Island&amp;search_city=Kensington&amp;map%5Bne%5D=46.446474%2C-63.62051&amp;map%5Bsw%5D=46.432603%2C-63.651795&amp;ts=1584054582205\">Kensington<\/a><\/li>\n<\/ul>\n\t\n<ul>\n<li> <a href=\"https:\/\/www.c21.ca\/property-search?feed=c21&amp;refine=true&amp;map%5Bzoom%5D=12&amp;map%5Blongitude%5D=-114.38534700000001&amp;map%5Blatitude%5D=62.44626458083643&amp;map%5Bbounds%5D=1&amp;map%5Bne%5D=62.48729%2C-114.198236&amp;map%5Bsw%5D=62.405183%2C-114.572458&amp;idx=c21&amp;search_state=Northwest%20Territories&amp;search_city=Yellowknife&amp;ts=1584567794516\">Yellowknife<\/a><\/li>\n<\/ul>\n\n","protected":false},"excerpt":{"rendered":"<p>NOTRE MISSION : VISER L&#8217;OR EN OFFRANT LE MEILLEUR SERVICE DU SECTEUR IMMOBILIER rechercher des inscriptions au Qu\u00e9bec Proposant une port\u00e9e mondiale et une expertise locale, CENTURY\u00a021MD a toujours appuy\u00e9 l&#8217;entrepreneuriat, le marketing, l&#8217;innovation technologique et l&#8217;\u00e9ducation immobili\u00e8re partout au Canada. Depuis plus de 40\u00a0ans, nous visons l&#8217;or dans le secteur immobilier. Notre site Web [&hellip;]<\/p>\n","protected":false},"author":2,"featured_media":0,"parent":0,"menu_order":0,"comment_status":"closed","ping_status":"closed","template":"","meta":{"footnotes":""},"class_list":["post-108","page","type-page","status-publish","hentry"],"_links":{"self":[{"href":"https:\/\/www.c21.ca\/fr-ca\/wp-json\/wp\/v2\/pages\/108","targetHints":{"allow":["GET"]}}],"collection":[{"href":"https:\/\/www.c21.ca\/fr-ca\/wp-json\/wp\/v2\/pages"}],"about":[{"href":"https:\/\/www.c21.ca\/fr-ca\/wp-json\/wp\/v2\/types\/page"}],"author":[{"embeddable":true,"href":"https:\/\/www.c21.ca\/fr-ca\/wp-json\/wp\/v2\/users\/2"}],"replies":[{"embeddable":true,"href":"https:\/\/www.c21.ca\/fr-ca\/wp-json\/wp\/v2\/comments?post=108"}],"version-history":[{"count":37,"href":"https:\/\/www.c21.ca\/fr-ca\/wp-json\/wp\/v2\/pages\/108\/revisions"}],"predecessor-version":[{"id":4059,"href":"https:\/\/www.c21.ca\/fr-ca\/wp-json\/wp\/v2\/pages\/108\/revisions\/4059"}],"wp:attachment":[{"href":"https:\/\/www.c21.ca\/fr-ca\/wp-json\/wp\/v2\/media?parent=108"}],"curies":[{"name":"wp","href":"https:\/\/api.w.org\/{rel}","templated":true}]}}